{"id":415,"date":"2015-05-25T21:11:20","date_gmt":"2015-05-25T19:11:20","guid":{"rendered":"http:\/\/www.mahna.de\/?page_id=415"},"modified":"2025-07-16T19:46:28","modified_gmt":"2025-07-16T17:46:28","slug":"teamspeak-quatsch","status":"publish","type":"page","link":"https:\/\/www.mahna.de\/?page_id=415","title":{"rendered":"Teamspeak Quatsch"},"content":{"rendered":"<p>Komunikation ist ein Muss f\u00fcr jeden Clan beim Game.<\/p>\n<p>Aber nicht nur taktische Gespr\u00e4che finden nat\u00fcrlich hier statt.<br \/>\nAuch so manchen Bl\u00f6dsinn hat man hier zu h\u00f6ren bekommen&#8230;.<\/p>\n<p>Hier ein kleiner Auszug davon:<\/p>\n<blockquote>\n<p><strong>Count:<\/strong><br \/>\nnein ich bin noch nicht 5x ausgetreten. Maximal 3x.<br \/>\n<strong>Spekulatius:<\/strong><br \/>\ndoch bestimmt! Mahna du hast doch zu allem ne Statistik! Wie oft ist Count aus- und wieder eingetreten?!?<\/p>\n<\/blockquote>\n<blockquote>\n<p><strong>Baby:<\/strong><br \/>\nWisst ihr, was der Jahn jetzt irgendwann gemacht hat? Der hat sich ein gefrorenes Fischst\u00e4bchen genommen und das weggelullt!<br \/>\n<strong>Draney:<\/strong><br \/>\nJa, dann war es ja Sushi!<br \/>\n<strong>Noob:<\/strong><br \/>\nSeit wann ist Sushi denn paniert?<br \/>\n<strong>Mahna:<\/strong><br \/>\nDas kommt doch aus\u2019m japanischen\u2026<br \/>\n<strong>Noob:<\/strong><br \/>\nWie\u2026 Iglo ist ein Japaner??<\/p>\n<\/blockquote>\n<blockquote>\n<p><strong>Mahna:<\/strong><br \/>\n\u2026 ja und dann habe ich das damals bei meiner Tochter so gemacht mit dem Internet\u2026 da habe ich ihr einen PC dahingestellt und als sie in das Alter kam, wo sie \u00e4lter wurde\u2026<\/p>\n<p>*rofl* Mahna<\/p>\n<\/blockquote>\n<blockquote>\n<p><strong>Baby:<\/strong><br \/>\nJa, seitdem Kegge, Tobi, und so alle Ausbildung machen, seitdem sind die ja auch nicht mehr sooo oft on, aber Niffey\u2026<br \/>\n<strong>Oma:<\/strong><br \/>\nJa, der Niffey macht ja auch ne Ausbildung bei Samsung als Monitortester\u2026<br \/>\n<strong>Baby:<\/strong><br \/>\nJa und?<br \/>\n<strong>Oma:<\/strong><br \/>\nJa, der sitzt da 8 Stunden vor und muss dann sagen, ob die Monitore tauglich sind\u2026<br \/>\n<strong>Baby:<\/strong><br \/>\nWas? So lange? Und dann abends immer noch so lange on zu sein, das k\u00f6nnte ich nich\u2026<br \/>\n<strong>Alle: \u2026 \u2026 Baby??<\/strong><\/p>\n<\/blockquote>\n<blockquote>\n<p>Baby, Jenny, Nadine, Cora, Jahn, Mahna, Noob, Toby &amp; Oma auf\u2019m Tr\u00f6delmarkt\u2026<br \/>\nAls wir nach Hause gingen, kamen wir an einem kleinen Laden vorbei, wo irgendein komischer Typ irgendwelchen Krempel verkaufte\u2026<br \/>\n<strong>Mahna:<\/strong><br \/>\nSchaut mal! Das ist Europas kleinster Tr\u00f6delmarkt der Welt\u2026<br \/>\n<strong>Alle: \u2026 \u2026 \u2026 \u2026 LOL \u2026 !!<\/strong><\/p>\n<\/blockquote>\n<blockquote>\n<p>Kleine Hintergrundgeschichte: Aufgrund der Tatsache das der Gonzo eine Meinungsverschiedenheit mit seinem Anbieter hat, funktioniert zur Zeit nur sein Internet.<br \/>\nTelefonieren kann er schon seit ca. einem Monat nicht mehr.<br \/>\n<strong>Count:<\/strong><br \/>\nIch habe die Sparkasse angerufen\u2026<br \/>\n<strong>Gonzo:<\/strong><br \/>\nWie Du kannst telefonieren?<br \/>\n<strong>Count, Ani, Mahna:<\/strong><br \/>\nJa er kann und du\u2026<\/p>\n<\/blockquote>\n<blockquote>\n<p><strong>Oma:<\/strong><br \/>\nUnd, Herr B\u00e4r? Was machen Sie denn heute Abend noch so?<br \/>\n<strong>Baby:<\/strong><br \/>\nAch, euch ein bisschen zuh\u00f6ren und eventuell nachher \u201cauf deX CouXX rumX\u00fcmmeln\u201d<br \/>\n(Erkl\u00e4rung: Ich habe die Buchstaben, die ich als X markiert habe nicht richtig verstanden und da kam im Zusammenhang folgendes bei raus:)<br \/>\n<strong>Oma:<\/strong><br \/>\nWatt? Was willst du noch machen? Auf dem Count rumpimmeln?<br \/>\n\u2026 BOING \u2026<\/p>\n<\/blockquote>\n<blockquote>\n<p>Sonntag, 20.04.2008 \u2026 irgendwas vor 11 Uhr morgens.<br \/>\nBabybear steht nach einer langen Playstationnacht in der K\u00fcche und brummt: \u201cWie lang habt ihr gestern noch gemacht\u201d<br \/>\n<strong>Animal:<\/strong><br \/>\n\u201cAm Pillemann gespielt ? Ne halbe Stunde :P\u201d<br \/>\n<strong>Baby brummt:<\/strong><br \/>\n\u201cWie lang habt ihr noch gespielt\u201d<br \/>\n<strong>Animal:<\/strong><br \/>\n\u201c4:20Uhr\u201d<br \/>\n<strong>Baby:<\/strong><br \/>\n\u201cHammer!\u201d<br \/>\n<strong>Animal:<\/strong><br \/>\n\u201cNee Gitarre :P\u201d<br \/>\n<strong>Oma:<\/strong> LLOOLL<\/p>\n<\/blockquote>\n<blockquote>\n<p>vorm Fr\u00fchst\u00fcck<br \/>\n<strong>Mahna:<\/strong><br \/>\n\u201cW\u00e4re sch\u00f6n, wenn ich vor dem duschen noch ins Badezimmer k\u00e4me!?\u201d<br \/>\nJa nee is klar <\/p>\n<\/blockquote>\n<blockquote>\n<p><strong>Noob:<\/strong><br \/>\n\u2026 und auf dem Campingplatz war auch ein riesen Bolzplatz, aber der war zu dem Zeitpunkt nicht im besten Zustand\u2026 da waren vier gro\u00dfe L\u00f6cher drin\u2026<br \/>\n<strong>Mahna:<\/strong><br \/>\nIst mir egal\u2026 ich kann eh nicht Golfen\u2026<\/p>\n<\/blockquote>\n<blockquote>\n<p>Da kommt man grade ins TS und dann wird der B\u00e4r direkt gebashed!!<\/p>\n<p>Bear (macht nen Kill, freut sich): \u201cEy, Mahna, schreib nicht solche Sachen \u00fcber mich! Du wei\u00dft genau, dass ich nichts an habe!!\u201d<br \/>\n\u2026<br \/>\nRizzo\/Alle: \u201cWie? Du hast nichts an? \u2026 Wow!\u201d<\/p>\n<\/blockquote>\n<blockquote>\n<p>Hyper the kr\u00e4nk joint Server.<\/p>\n<p>HK: ist tk an?<br \/>\nRizzo: kp.<br \/>\nHK: warte mal.<br \/>\n*bl\u00e4m zwei team mates abgeknallt*<br \/>\nHK schreibt folgendes in den public cod4 chat:<br \/>\nHK: \u201cOk, tk is activated : D\u201d<\/p>\n<\/blockquote>\n<blockquote>\n<p>[19:38:23] Mahna grants you Channel Admin rights<br \/>\n[19:38:29] RozZ! revokes Kermit Channel Admin rights<br \/>\n[19:38:34] RozZ! grants Kermit Channel Admin rights<br \/>\n[19:38:34] BabyBear revokes Kermit Channel Admin rights<br \/>\n[19:38:38] BabyBear grants Kermit Channel Admin rights<\/p>\n<p><strong>Kermit:<\/strong>\u201d H\u00f6rt auf an mir zu fummeln ich h\u00f6re das!! \u201c<\/p>\n<\/blockquote>\n<blockquote>\n<p>Ich glaube, es war Freitag oder Samstag\u2026<br \/>\nDer Text ist in etwa so, wie es war\u2026 nicht haargenau\u2026<\/p>\n<p>Wir alle am diskutieren, welches denn eventuell das neue Clan-Spiel werden k\u00f6nnte\u2026 Es sind die Worte Battlefield und Medal of Honor gefallen\u2026<br \/>\n<strong>Oma:<\/strong><br \/>\nLaut Screenshots und Trailer soll Medal of Honor echt fett werden\u2026<br \/>\n<strong>Mahna:<\/strong><br \/>\nJa stimmt, und Battlefield mag ich eh nicht\u2026<br \/>\n<strong>Rizzo:<\/strong><br \/>\nWieso?<br \/>\n<strong>Mahna:<\/strong><br \/>\n\u2026 weil das von EA ist!<br \/>\n(Oma bepisst sich, alle anderen danach ebenfalls)<br \/>\n<strong>Rizzo:<\/strong><br \/>\n1:0 f\u00fcr Oma <\/p>\n<\/blockquote>\n<blockquote>\n<p>Eines Abends waren Keks, Ice, B\u00e4r, Mahna und Rozzi auf dem F@M Public Server.<br \/>\nEs lief seit gef\u00fchlten 3 Std. Sabotage.<\/p>\n<p>Auf der Map District hatte der Mahna irgendwann die Bombe und lief zu einem Bombenplatz\u20265min lang h\u00f6rte man ihn nur sagen \u201cVerdammt ich kann die Bombe nicht legen, hier liegen soviele Waffen rum (anstelle die Bombe zu legen hat er immer die Waffen aufgehoben\u2026)!<\/p>\n<p>Der Rozzi sah irgendwann, dass die Bombe(Mahna) sich langsam vom Platz weg geschlichen hat (Das rote Symbol was bei Sabotage Blinkt)\u2026<\/p>\n<p><strong>Rizzo: <\/strong>Mahna du warst doch nicht eben 5min am falschen Platz oder?<br \/>\n<strong>Mahna:<\/strong> pssssssssst<\/p>\n<p><strong>Rest:<\/strong> GR\u00d6\u00d6\u00d6\u00d6\u00d6\u00d6\u00d6\u00d6\u00d6\u00d6\u00d6\u00d6\u00d6\u00d6\u00d6\u00d6\u00d6\u00d6\u00d6\u00d6\u00d6\u00d6\u00d6\u00d6\u00d6L  <\/p>\n<\/blockquote>\n<blockquote>\n<p>Funny gegen TF<br \/>\n<strong>B\u00e4r:<\/strong> \u201cLos leute ich joine und ihr kommt mir alle hinterher das PW habe ich im TS reingeschrieben, ist so komisch lang\u201d<br \/>\nB\u00e4r joint und \u201d k\u00f6nnen die noch nicht mal das PW richtig schreiben das ist ja falsch\u201d<br \/>\nkurzer augenblick sp\u00e4ter<\/p>\n<p><strong>B\u00e4r:<\/strong> alles zur\u00fcck das PW ist nicht das PW ich habe den Xfire namen reingeschrieben das richtige PW ist \u201cwar\u201d <\/p>\n<\/blockquote>\n<div class=\"shariff shariff-align-left shariff-widget-align-left\"><ul class=\"shariff-buttons theme-round orientation-horizontal buttonsize-medium\"><li class=\"shariff-button facebook shariff-nocustomcolor\" style=\"background-color:#4273c8\"><a href=\"https:\/\/www.facebook.com\/sharer\/sharer.php?u=https%3A%2F%2Fwww.mahna.de%2F%3Fpage_id%3D415\" title=\"Bei Facebook teilen\" aria-label=\"Bei Facebook teilen\" role=\"button\" rel=\"nofollow\" class=\"shariff-link\" style=\"; background-color:#3b5998; color:#fff\" target=\"_blank\"><span class=\"shariff-icon\" style=\"\"><svg width=\"32px\" height=\"20px\" xmlns=\"http:\/\/www.w3.org\/2000\/svg\" viewBox=\"0 0 18 32\"><path fill=\"#3b5998\" d=\"M17.1 0.2v4.7h-2.8q-1.5 0-2.1 0.6t-0.5 1.9v3.4h5.2l-0.7 5.3h-4.5v13.6h-5.5v-13.6h-4.5v-5.3h4.5v-3.9q0-3.3 1.9-5.2t5-1.8q2.6 0 4.1 0.2z\"\/><\/svg><\/span><\/a><\/li><li class=\"shariff-button whatsapp shariff-nocustomcolor\" style=\"background-color:#5cbe4a\"><a href=\"https:\/\/api.whatsapp.com\/send?text=https%3A%2F%2Fwww.mahna.de%2F%3Fpage_id%3D415%20Teamspeak%20Quatsch\" title=\"Bei Whatsapp teilen\" aria-label=\"Bei Whatsapp teilen\" role=\"button\" rel=\"noopener nofollow\" class=\"shariff-link\" style=\"; background-color:#34af23; color:#fff\" target=\"_blank\"><span class=\"shariff-icon\" style=\"\"><svg width=\"32px\" height=\"20px\" xmlns=\"http:\/\/www.w3.org\/2000\/svg\" viewBox=\"0 0 32 32\"><path fill=\"#34af23\" d=\"M17.6 17.4q0.2 0 1.7 0.8t1.6 0.9q0 0.1 0 0.3 0 0.6-0.3 1.4-0.3 0.7-1.3 1.2t-1.8 0.5q-1 0-3.4-1.1-1.7-0.8-3-2.1t-2.6-3.3q-1.3-1.9-1.3-3.5v-0.1q0.1-1.6 1.3-2.8 0.4-0.4 0.9-0.4 0.1 0 0.3 0t0.3 0q0.3 0 0.5 0.1t0.3 0.5q0.1 0.4 0.6 1.6t0.4 1.3q0 0.4-0.6 1t-0.6 0.8q0 0.1 0.1 0.3 0.6 1.3 1.8 2.4 1 0.9 2.7 1.8 0.2 0.1 0.4 0.1 0.3 0 1-0.9t0.9-0.9zM14 26.9q2.3 0 4.3-0.9t3.6-2.4 2.4-3.6 0.9-4.3-0.9-4.3-2.4-3.6-3.6-2.4-4.3-0.9-4.3 0.9-3.6 2.4-2.4 3.6-0.9 4.3q0 3.6 2.1 6.6l-1.4 4.2 4.3-1.4q2.8 1.9 6.2 1.9zM14 2.2q2.7 0 5.2 1.1t4.3 2.9 2.9 4.3 1.1 5.2-1.1 5.2-2.9 4.3-4.3 2.9-5.2 1.1q-3.5 0-6.5-1.7l-7.4 2.4 2.4-7.2q-1.9-3.2-1.9-6.9 0-2.7 1.1-5.2t2.9-4.3 4.3-2.9 5.2-1.1z\"\/><\/svg><\/span><\/a><\/li><\/ul><\/div>","protected":false},"excerpt":{"rendered":"<p>Komunikation ist ein Muss f\u00fcr jeden Clan beim Game. Aber nicht nur taktische Gespr\u00e4che finden nat\u00fcrlich hier statt. Auch so manchen Bl\u00f6dsinn hat man hier zu h\u00f6ren bekommen&#8230;. Hier ein kleiner Auszug davon: Count: nein ich bin noch nicht 5x ausgetreten. Maximal 3x. Spekulatius: doch bestimmt! Mahna du hast doch zu allem ne Statistik! Wie [&hellip;]<\/p>\n","protected":false},"author":1,"featured_media":0,"parent":0,"menu_order":0,"comment_status":"closed","ping_status":"open","template":"","meta":{"footnotes":""},"class_list":["post-415","page","type-page","status-publish","hentry"],"_links":{"self":[{"href":"https:\/\/www.mahna.de\/index.php?rest_route=\/wp\/v2\/pages\/415","targetHints":{"allow":["GET"]}}],"collection":[{"href":"https:\/\/www.mahna.de\/index.php?rest_route=\/wp\/v2\/pages"}],"about":[{"href":"https:\/\/www.mahna.de\/index.php?rest_route=\/wp\/v2\/types\/page"}],"author":[{"embeddable":true,"href":"https:\/\/www.mahna.de\/index.php?rest_route=\/wp\/v2\/users\/1"}],"replies":[{"embeddable":true,"href":"https:\/\/www.mahna.de\/index.php?rest_route=%2Fwp%2Fv2%2Fcomments&post=415"}],"version-history":[{"count":14,"href":"https:\/\/www.mahna.de\/index.php?rest_route=\/wp\/v2\/pages\/415\/revisions"}],"predecessor-version":[{"id":14022,"href":"https:\/\/www.mahna.de\/index.php?rest_route=\/wp\/v2\/pages\/415\/revisions\/14022"}],"wp:attachment":[{"href":"https:\/\/www.mahna.de\/index.php?rest_route=%2Fwp%2Fv2%2Fmedia&parent=415"}],"curies":[{"name":"wp","href":"https:\/\/api.w.org\/{rel}","templated":true}]}}