{"id":480,"date":"2015-05-27T21:12:13","date_gmt":"2015-05-27T19:12:13","guid":{"rendered":"http:\/\/www.mahna.de\/?page_id=480"},"modified":"2025-07-16T19:45:15","modified_gmt":"2025-07-16T17:45:15","slug":"die-geschichte","status":"publish","type":"page","link":"https:\/\/www.mahna.de\/?page_id=480","title":{"rendered":"Die Geschichte"},"content":{"rendered":"<p><span style=\"font-size: 12pt; color: #000000;\"><strong>Das Jahr 2003<\/strong><\/span><\/p>\n<p><span style=\"font-size: 10pt; color: #000000;\">sollte der Beginn einer bis jetzt ruhigen, turbulenten, leidvoll und spa\u00dfreichen Zeit unserer Gemeinschaft werden.<\/span><br \/>\n<span style=\"font-size: 10pt; color: #000000;\"> \u2013 Das Onlinezocken wurde entdeckt.<\/span><br \/>\n<span style=\"font-size: 10pt; color: #000000;\"> Damals in der Ausbildung zum IT-Fachinformatiker fanden sich Mahna und Animal auf einer \u201eSchulbank\u201c wieder. Man kannte sich aus einer Weiterbildungsma\u00dfnahme in denen man schon jede Menge Unsinn baute. Aber auch interessantes lernte. Zum Beispiel das es die M\u00f6glichkeit gibt, Computerspiele \u00fcber das Internet, mit und gegeneinander zu spielen. Als dann noch ein \u201eArbeitskollege\u201c (Gru\u00df an Rallo) einen vielfach verwendbaren Ego-Shooter mitbrachte, und wir die lahmen Schulkisten damit bespickten, war kein halten mehr \u2026<\/span><br \/>\n<span style=\"font-size: 10pt; color: #000000;\"> BLACK HAWK DOWN, wurde unser Onlineleben \u2026<\/span><br \/>\n<span style=\"font-size: 10pt; color: #000000;\"> Vorbei an Access Datenbanken und SQL Abfragen wurde lieber ne Runde gedaddelt als geb\u00fcffelt.<\/span><\/p>\n<p><span style=\"font-size: 10pt; color: #000000;\">Aber hey ! Das Netzwerk stand! Also musste das auch genutzt werden.<\/span><br \/>\n<span style=\"font-size: 10pt; color: #000000;\"> Man entschied sich also einen Club zu machen \u2026 ach nee \u2026 das hei\u00dft hier Clan! \u2026 und es wurde gegr\u00fcbelt, wie man sich nun nennt:<\/span><br \/>\n<span style=\"font-size: 10pt; color: #000000;\"> Vom Bedrock-Clan, der den Flintstones gewidmet war, bis zur Jud\u00e4ischen Volksfront war einiges dabei. Aber auch die Muppets, eine in den 80er Jahren beliebet Fernsehsendung, lies die Kameraden nicht los. Da sich unser Spiel \u201eDelta Force: Black Hawk Down\u201c nannte, wurden wir die<\/span><\/p>\n<div>\n<h3><span style=\"color: #000000;\"><strong><span style=\"font-size: 12pt;\">Delta-Force-Muppets.<\/span><\/strong><\/span><\/h3>\n<\/div>\n<p><span style=\"font-size: 10pt; color: #000000;\">Der Gr\u00fcndung im August 2003 entsprangen Animal als Leader und Mahna als Co Leader.<\/span><br \/>\n<span style=\"font-size: 10pt; color: #000000;\"> Am 1. Oktober 2003 konnten wir unseren ersten Allianzpartner begr\u00fc\u00dfen. \u2013 Zio Verona (Die Internetseite gibt es heute noch!)<\/span><br \/>\n<span style=\"font-size: 10pt; color: #000000;\"> Nach einer Eintrittswelle von 6 Muppets innerhalb von 12 Tagen, alle aus dem Freundes- und Kollegenkreis, kam am 25.10.2003 unser erster richtiger Member, den wir auf irgend \u00b4nem Server aufgegabelt haben, zu uns: Crazy Harry (wie hie\u00df der eigentlich damals?) \u2026 Naja , er ist auch heute noch treu.<\/span><\/p>\n<p><span style=\"font-size: 10pt; color: #000000;\">Nach dem Zuwachs musste schnell noch n TS Server an den Start gebracht werden und schon war man gro\u00df \u2026<\/span><br \/>\n<span style=\"font-size: 10pt; color: #000000;\"> Auf der Suche nach weiteren Allianzen stie\u00dfen wir Anfang April 2005 auf die Truppe von Megamann und Iceman. Den<\/span><\/p>\n<div>\n<h3><span style=\"color: #000000;\"><strong><span style=\"font-size: 12pt;\">Freitag Abend Zocker Clan<\/span><\/strong><\/span><\/h3>\n<\/div>\n<p><span style=\"font-size: 10pt; color: #000000;\">Mein Gott \u2026 der Internetauftritt war \u2026 naja \u2026 egal \u2026 aber die hatten diesen begnadeten Lagger \u2026 Ich weiss nicht wie oft ich OmaLutz einen Cheater geschimpft hab \u2026 es war oft! Diesen Jung mussten wir haben!!! Schei\u00df drauf! Wir nehmen den ganzen Clan gleich direkt mit! Aber so einfach gaben sich die Freunde des FAZC nicht geschlagen \u2026 Man ging also in den Infight und handelte Clanf\u00fchrung, Webdesign und weiteres aus. Megamann und Animal \u00fcbernahmen als Doppelspitze die Clanf\u00fchrung, Mahna und Icemann die Coleaderschaft wobei Iceman der Gott der Clankasse wurde (und auch heute noch ist). Die F\u00fchrung war geregelt \u2026 aber was wird mit dem Namen?! Und m\u00fcssen sich die FAZCler von ihren Namen verabschieden?! Nach langen Diskussionen wurde eine Mixtour aus den beiden vorhandenen Namen gemacht und die<\/span><\/p>\n<div>\n<h3><span style=\"color: #000000;\"><strong><span style=\"font-size: 12pt;\">Freitag Abend Muppets<\/span><\/strong><\/span><\/h3>\n<\/div>\n<p><span style=\"font-size: 10pt; color: #000000;\">waren geboren.<\/span><\/p>\n<p><span style=\"font-size: 10pt; color: #000000;\">Eine Mords-Gaudi wurde auch das erste gemeinsame Clantreffen an irgend so nem Schei\u00dfkalten Gew\u00e4sser in der N\u00e4he von Wesel \u2026 Okay \u2026 es lag an der Jahreszeit das wir uns noch nicht mal mit Alkohol aufw\u00e4rmen konnten \u2026 Also musste Bewegung her \u2026 Im Autocorso nach Holland und ab auf das Gotcha-Schlachtfeld. Hammer! Aber leider zu kurz!<\/span><br \/>\n<span style=\"font-size: 10pt; color: #000000;\"> Wenige Monate sp\u00e4ter wurde fix noch mal ein Clantreffen angesetzt was ein totaler Erfolg war. Und w\u00e4rmer war es in Bayern auch. Die Ur-Bayern konnten den St\u00e4dtern mal zeigen wie man in der Wildnis \u00fcberlebt. Der Stifti und der Crazy, organisierten mit dem Iceman eins der geilsten Clantreffen ever!<\/span><br \/>\n<span style=\"font-size: 10pt; color: #000000;\"> Zur Tradition wurde es, in Wuppertal die weihnachtlichen, oder kurz angesetzten Clantreffen abzuhalten w\u00e4hrend wir zum \u201eUrlaub\u201c machen, nach Bayern fuhren \u2026 So auch im Sommer 2006. Man kannte uns schon vom Vorjahr und platzierte uns dementsprechend ganz weit weg von allen spie\u00dfigen G\u00e4sten \u2026 Nur weil Stifti der Meinung war, mit \u00b4nem 1000 Watt Strahler mitten in der Nacht die Front eines Hotels erleuchten zu m\u00fcssen. Auch dieses CT war mehr als genial!<\/span><br \/>\n<span style=\"font-size: 10pt; color: #000000;\"> Nach und nach wurde aus unserem geliebten BHD, trotz diverser Erfolge in Onlineligen, ein alterndes Spiel mit \u00b4nem schlechten Netcode.<\/span><br \/>\n<span style=\"font-size: 10pt; color: #000000;\"> Damit die Gemeinschaft nicht zerbricht wurde ein neues Onlinespiel gesucht. Battlefield 2 wurde released und auch angetestet \u2026 einige waren bereit sich darauf einzulassen, anderen waren der Meinung, man w\u00fcrde zu oft bei einem Luftangriff oder Artillerieschlag drauf gehen.<\/span><br \/>\n<span style=\"font-size: 10pt; color: #000000;\"> Die Wahl viel letztendlich auf Call of Duty 2. 10 Monate nach dem Release dieses Spieles stiegen die Muppets also um. Manche brachen nach dem Umbruch weg und schlossen sich noch bestehenden BHD Gemeinschaften an. Ein Gro\u00dfteil jedoch hatte gro\u00dfen Spa\u00df daran die Alliierten zu jagen.<\/span><br \/>\n<span style=\"font-size: 10pt; color: #000000;\"> Vom Ehrgeiz gepackt verlie\u00df ein kleiner Teil der F@M den Clan und gr\u00fcndeten Alpha Gaming. Mahna \u00fcbernahm das Zepter als Clanleader und vereinte die \u00fcbrigen Member mit seiner unnachahmlichen Ignoranz die Dinge so zu sehen wie sie sind. Weihnachten, nach drei Monaten erfolgreichem ESL Spiels, wurde festgestellt, das der Erfolg zwar vorhanden war. jedoch nicht die Gemeinschaft ersetzte. Und da die Muppets ihre Abtr\u00fcnnigen gerne wieder zur\u00fcck haben wollte, wurde eine Widervereinigung der besonderen Art gefeiert. Alpha wurde (vorerst) auf Eis gelegt und die Muppets waren wieder komplett.<\/span><br \/>\n<span style=\"font-size: 10pt; color: #000000;\"> Wenige Monate nach der Reunion wurde versucht, den Clan attraktiver f\u00fcr Jungmember zu machen und man beschloss im Juni 2007 unter dem Namen<\/span><\/p>\n<div>\n<h3><span style=\"color: #000000;\"><strong><span style=\"font-size: 12pt;\">Alpha Gaming<\/span><\/strong><\/span><\/h3>\n<\/div>\n<p><span style=\"font-size: 10pt; color: #000000;\">mit Animal und Mahna als Leader, der Onlinewelt erneut entgegen zu treten. Der Name war gel\u00e4ufig, der Internetauftritt stand und auch das Sponsoring wurde reaktiviert. Jedoch konnte der Anschub des \u201eneuen\u201c Namens nicht effektiv genutzt werden. Die Zeit danach beschreibt Mahna auf seiner Homepage perfekt:<\/span><br \/>\n<span style=\"font-size: 10pt; color: #000000;\"> \u201e\u2026 trotz aller guten Absichten ist leider niemand vor Fehlentscheidungen gesch\u00fctzt, denn es stellte sich schnell heraus, dass ein gro\u00dfer Teil der Member sich nicht wirklich mit Alpha Gaming identifizieren konnte. Zum Ende des Jahres war das gem\u00fctliche Clanleben fast zum erliegen gekommen. Die Online-Gemeinschaft drohte sich aufzul\u00f6sen. Mit dieser Situation war an ein Fortbestehen des Clans nicht mehr zu denken. Animal dachte daran den Clan aufzul\u00f6sen, was zu diesem Zeitpunkt ja auch die einzige vern\u00fcnftige Entscheidung war.\u201c<\/span><br \/>\n<span style=\"font-size: 10pt; color: #000000;\"> Nach dieser schweren Zeit f\u00fcr den Clan entschloss ich mich den Clan zu verlassen, da mir die Kraft und der Glauben fehlte, das, egal wie man das \u201eDing\u201c nennt \u2026 dieser Trupp wieder so wird, wie er mal war.<\/span><br \/>\n<span style=\"font-size: 10pt; color: #000000;\"> Mahna jedoch wollte nicht aufgeben und nahm die Herausforderung an die Freitag Abend Muppets zu retten.<\/span><br \/>\n<span style=\"font-size: 10pt; color: #000000;\"> Aus F@M wurde am 01.01.2008 die<\/span><\/p>\n<div>\n<h3><span style=\"color: #000000;\"><strong><span style=\"font-size: 12pt;\">Family of Muppets<\/span><\/strong><\/span><\/h3>\n<\/div>\n<p><span style=\"font-size: 10pt; color: #000000;\">und nach einer kleinen Anlaufschw\u00e4che schien die Rechnung aufzugehen.<\/span><br \/>\n<span style=\"font-size: 10pt; color: #000000;\"> Aus heutiger Sicht muss ich sagen, das ich mich wieder voll und ganz mit meinem Clan identifiziere. Wie fr\u00fcher ist das erste, was ich mach wenn ich nach Hause komm, meinen PC anzuschalten und zu schauen was geht. Und das ist nicht zuletzt dem sturk\u00f6pfigsten Leader der Onlinewelt zu verdanken.<\/span><\/p>\n<p><span style=\"font-size: 10pt; color: #000000;\">Wenn ich heute gefragt werde, \u201ewie ist die Geschichte der Muppets?\u201c, kann ich nur sagen.<\/span><\/p>\n<p><span style=\"font-size: 10pt; color: #000000;\">Die Geschichte der Muppets definiert sich in Ihren Membern:<\/span><\/p>\n<p><span style=\"font-size: 10pt; color: #000000;\">Animal \u2013 langj\u00e4hriger Leader, Squadleader, Ehrenleader, Webmaster<\/span><br \/>\n<span style=\"font-size: 10pt; color: #000000;\"> AnnieSue \u2013 LadyKill \u2013 Hardcore-G\u00e4stebuchtipse<\/span><br \/>\n<span style=\"font-size: 10pt; color: #000000;\"> BabyBear \u2013 Der verstecker B\u00e4r, Hier wird nicht gecampt, hier wird verschwunden! Seele von Mahna<\/span><br \/>\n<span style=\"font-size: 10pt; color: #000000;\"> Beaker \u2013 verschwiegener BHD-Shooter \/ Guter DJ<\/span><br \/>\n<span style=\"font-size: 10pt; color: #000000;\"> Beaker II \u2013 Bruder von Big Mama und seit 12.03.09 bei uns.<\/span><br \/>\n<span style=\"font-size: 10pt; color: #000000;\"> Brewster I \u2013 gescheiter Bursche<\/span><br \/>\n<span style=\"font-size: 10pt; color: #000000;\"> Brewster II \u2013 Spinner<\/span><br \/>\n<span style=\"font-size: 10pt; color: #000000;\"> Bullets \u201eBully\u201c Baker \u2013 Bringt alle Eimer in Sicherheit! \u2013 Geiler Typ!<\/span><br \/>\n<span style=\"font-size: 10pt; color: #000000;\"> Catgut \u2013 Freund von Mulch<\/span><br \/>\n<span style=\"font-size: 10pt; color: #000000;\"> Coolman \u2013 Deine zeit war noch nicht reif<\/span><br \/>\n<span style=\"font-size: 10pt; color: #000000;\"> Count \u2013 Der add \u2013 Squadleader CoD 2 \/ wichtiger Mann \u2026 Wechselbad der Gef\u00fchle<\/span><br \/>\n<span style=\"font-size: 10pt; color: #000000;\"> CrazyHarry mit Nadja \u2013 Orgagenie und einer der kl\u00fcgsten K\u00f6pfe bei uns inkl. s\u00fc\u00dfem Anhang<\/span><br \/>\n<span style=\"font-size: 10pt; color: #000000;\"> Danceros \u2013 Das wiedergekehrte, tanzende Wollkn\u00e4ul<\/span><br \/>\n<span style=\"font-size: 10pt; color: #000000;\"> Devil \u2013 CS Strum Truppe<\/span><br \/>\n<span style=\"font-size: 10pt; color: #000000;\"> Dr. Bunsen \u2013 Ehrenmember bei DFM \u2026 Unser Webhoster! Top<\/span><br \/>\n<span style=\"font-size: 10pt; color: #000000;\"> Dr.Teeth I \u2013 Er hat sich die Arme rasiert \u2026 das sagt alles<\/span><br \/>\n<span style=\"font-size: 10pt; color: #000000;\"> Dr.Teeth II \u2013 wichtiger R\u00fcckhalt seines Teams<\/span><br \/>\n<span style=\"font-size: 10pt; color: #000000;\"> Droop \u2013 den hat der Count vom Bund mitgebracht \u2026<\/span><br \/>\n<span style=\"font-size: 10pt; color: #000000;\"> Erdendonner \u2013 Noch ein kluger Kopf und verdammt guter Taktiker, der JTK<\/span><br \/>\n<span style=\"font-size: 10pt; color: #000000;\"> Ernie \u2013 Eimerpinkler mit nervt\u00f6tendem Wahnwitz \/ Maiskolben \u2013 gru\u00df Kermit<\/span><br \/>\n<span style=\"font-size: 10pt; color: #000000;\"> FleetScribbler \u2013 Kurzzeitgast<\/span><br \/>\n<span style=\"font-size: 10pt; color: #000000;\"> Floyd Pepper \u2013 BHD-Urgestein der Helldogs \u2026<\/span><br \/>\n<span style=\"font-size: 10pt; color: #000000;\"> FooFoo \u2013 Die Seele Waldorfs des Zweiten<\/span><br \/>\n<span style=\"font-size: 10pt; color: #000000;\"> FozzieBear I \u2013 Der unlustige B\u00e4r ist zur\u00fcck, ein Gl\u00fcck!<\/span><br \/>\n<span style=\"font-size: 10pt; color: #000000;\"> FozzieBear II \u2013 aka Kegge<\/span><br \/>\n<span style=\"font-size: 10pt; color: #000000;\"> Gaffer \u2013 Der Tobi ist ein Brocken von Mensch! leider in letzter zeit nicht aktiv<\/span><br \/>\n<span style=\"font-size: 10pt; color: #000000;\"> Gonzo I \u2013 erw\u00e4hnt, aber unkommentiert.<\/span><br \/>\n<span style=\"font-size: 10pt; color: #000000;\"> Gonzo II \u2013 \u00f6hm die beiden Verwechsel ich immer, Jens \u2026 blauer Spinner<\/span><br \/>\n<span style=\"font-size: 10pt; color: #000000;\"> Gonzo III \u2013 \u00f6hm die beiden Verwechsel ich immer, Niffy \u2026 geiler Killer<\/span><br \/>\n<span style=\"font-size: 10pt; color: #000000;\"> Grover \u2013 Auch so ein Orgatalent!<\/span><br \/>\n<span style=\"font-size: 10pt; color: #000000;\"> Hildegard \u2013 aka Gaffer<\/span><br \/>\n<span style=\"font-size: 10pt; color: #000000;\"> Iceman \u2013 Co Leader \/ 2nd Leader \/ Clankassen-Gott<\/span><br \/>\n<span style=\"font-size: 10pt; color: #000000;\"> Janice \u2013 Mit der trinkt der Bbear immer J\u00e4germeister<\/span><br \/>\n<span style=\"font-size: 10pt; color: #000000;\"> Jerry \u2013 \u00f6hm \u2026 wer ?<\/span><br \/>\n<span style=\"font-size: 10pt; color: #000000;\"> Johnny \u2013 Noch einer von den coolen Ossis<\/span><br \/>\n<span style=\"font-size: 10pt; color: #000000;\"> Kahlkopp \u2013 Ein Kamerad! Auf den kann man z\u00e4hlen<\/span><br \/>\n<span style=\"font-size: 10pt; color: #000000;\"> Kegge \u2013 Kranker Typ. Die Quelle vieler guter Insider. WOW-Gl\u00e4ubiger<\/span><br \/>\n<span style=\"font-size: 10pt; color: #000000;\"> Kermit \u2013 Co Leader \/ Squadleader \/ Leider inaktiv \/ Animals R\u00fcckhalt<\/span><br \/>\n<span style=\"font-size: 10pt; color: #000000;\"> Kumite \u2013 um des lieben Frieden willens \u2026 Er war okay :S<\/span><br \/>\n<span style=\"font-size: 10pt; color: #000000;\"> Lou \u2013 B\u00f6se Erinnerungen<\/span><br \/>\n<span style=\"font-size: 10pt; color: #000000;\"> MadCat \u2013 Das war ne S\u00fc\u00dfe<\/span><br \/>\n<span style=\"font-size: 10pt; color: #000000;\"> Mahna \u2013 Leader, Seele der Muppets<\/span><br \/>\n<span style=\"font-size: 10pt; color: #000000;\"> Mama \u2013 Gute Seele von Sammy<\/span><br \/>\n<span style=\"font-size: 10pt; color: #000000;\"> Maverick \u2013 Co Leader \/ Brautkleidtr\u00e4ger<\/span><br \/>\n<span style=\"font-size: 10pt; color: #000000;\"> Megamann mit Andrea \u2013 Leader, Fighter, Kollege inkl Anhang die mehr saufen konnte als so manch Member<\/span><br \/>\n<span style=\"font-size: 10pt; color: #000000;\"> Miss Piggy I \u2013 Ne nette Lady mit dem Hang zum Flyffn<\/span><br \/>\n<span style=\"font-size: 10pt; color: #000000;\"> Miss Piggy II \u2013 Kranker Joint Ops Zocker<\/span><br \/>\n<span style=\"font-size: 10pt; color: #000000;\"> Mulch \u2013 Freund von Catgut<\/span><br \/>\n<span style=\"font-size: 10pt; color: #000000;\"> Newsman I \u2013 \u00e4hm \u2026 gabs \u2026 ja<\/span><br \/>\n<span style=\"font-size: 10pt; color: #000000;\"> Newsman II \u2013 Mal sehen wie ihm das Leben als Muppet bekommt.<\/span><br \/>\n<span style=\"font-size: 10pt; color: #000000;\"> Noob \u2013 aka Spekulatius \u2026 bei dem weiss ich manchmal nicht ob der es ernst meint \u2026 mit seinem Sein<\/span><br \/>\n<span style=\"font-size: 10pt; color: #000000;\"> Norman \u2013 Lustiger Typ mit nem seltsamen Musikgeschmack<\/span><br \/>\n<span style=\"font-size: 10pt; color: #000000;\"> OmaLutz mit Jenny \u2013 Squadleader, \u00dcberpowner, wichtiger Spieler inkl. S\u00fc\u00dfes Beiwerk<\/span><br \/>\n<span style=\"font-size: 10pt; color: #000000;\"> Pops \u2013 Die Taktik hat keiner verstanden \u2026 sprachliche Defizite<\/span><br \/>\n<span style=\"font-size: 10pt; color: #000000;\"> Rizzo I \u2013 seine Memberschaft war Gruppenzwang<\/span><br \/>\n<span style=\"font-size: 10pt; color: #000000;\"> Rizzo II \u2013 Springt und schie\u00dft das es einem schlecht werden kann^^ \u2026 kannsich herrlich aufgeregen<\/span><br \/>\n<span style=\"font-size: 10pt; color: #000000;\"> RowerJoe \u2013 Leader bei den Helldogs<\/span><br \/>\n<span style=\"font-size: 10pt; color: #000000;\"> Rowlf \u2013 Der Typ kann im Jungle allein \u00fcberleben und zeiht die St\u00e4dter mit durch!<\/span><br \/>\n<span style=\"font-size: 10pt; color: #000000;\"> Sammy \u2013 Gute Seele von Mama<\/span><br \/>\n<span style=\"font-size: 10pt; color: #000000;\"> SamTheEagle I \u2013 Am Anfang unserer Zeit als DFM wichtiger 6ter man beim 5 vs 5<\/span><br \/>\n<span style=\"font-size: 10pt; color: #000000;\"> SamTheEagle II \u2013 Joint Ops \u2013 Fighter<\/span><br \/>\n<span style=\"font-size: 10pt; color: #000000;\"> Scooter I \u2013 Skill wie sau aber eingebildet<\/span><br \/>\n<span style=\"font-size: 10pt; color: #000000;\"> Scooter II \u2013 Kermits wichtigster Lebensmittelpunkt<\/span><br \/>\n<span style=\"font-size: 10pt; color: #000000;\"> ShakeySanchez \u2013 Der Checker! Ohne Taxi<\/span><br \/>\n<span style=\"font-size: 10pt; color: #000000;\"> Smokili \u2013 Am Anfang Teamplayer, zum Ende hin Nervens\u00e4ge<\/span><br \/>\n<span style=\"font-size: 10pt; color: #000000;\"> Statler I \u2013 Spinner \u2026 CS Owner \u2026 bei BHD nix gerissen<\/span><br \/>\n<span style=\"font-size: 10pt; color: #000000;\"> Statler II \u2013 Wankelm\u00fctig \u2026 Kein klares Handeln<\/span><br \/>\n<span style=\"font-size: 10pt; color: #000000;\"> Sweetums \u2013 Sponsor \/ Aber n beschissener Fragger<\/span><br \/>\n<span style=\"font-size: 10pt; color: #000000;\"> TopGun \u2013 Is n Film<\/span><br \/>\n<span style=\"font-size: 10pt; color: #000000;\"> UncleDeadly \u2013 Olaf !!!!<\/span><br \/>\n<span style=\"font-size: 10pt; color: #000000;\"> Waldorf \u2013 Unser Waldi ! Den mochte ich !!!<\/span><br \/>\n<span style=\"font-size: 10pt; color: #000000;\"> Webstar \u2013 Der Stecher von Madcat<\/span><br \/>\n<span style=\"font-size: 10pt; color: #000000;\"> Wolf \u2013 \u00f6hm \u2026 ?<\/span><br \/>\n<span style=\"font-size: 10pt; color: #000000;\"> Yorick \u2013 N Arbeitskollege vom Mahna \u2026 selten da, schnell wech<\/span><br \/>\n<span style=\"font-size: 10pt; color: #000000;\"> Zeke \u2013 Cooler Typ! Der hat leider zu fr\u00fch seine Onlinekarriere beendet.<\/span><br \/>\n<span style=\"font-size: 10pt; color: #000000;\"> Zoot I \u2013 Kranker Ossi!<\/span><br \/>\n<span style=\"font-size: 10pt; color: #000000;\"> Zoot II \u2013 aka 7of9 \u2026 \u2013 No Comment \u2013 (Kermit steht neben mir)<\/span><\/p>\n<p><span style=\"font-size: 10pt; color: #000000;\">\u00dcber 5 Jahre sind wir nun, mit H\u00f6hen und Tiefen, immer noch die Gemeinschaft, die wir sein wollten. Wir sind kein Clan, wir sind eine Familie \u2026 die<\/span><\/p>\n<div>\n<h3><strong><span style=\"font-size: 12pt; color: #000000;\">Family of Muppets<\/span><\/strong><\/h3>\n<p><span style=\"font-size: 10pt; color: #000000;\">Animal im M\u00e4rz 2009<\/span><\/p>\n<\/div>\n<p><span style=\"font-size: 12pt; color: #ff0000;\"><strong>Mittlerweile ist das Clanleben aufgrund von pers\u00f6nlicher und beruflicher Ver\u00e4nderung zwar zum erliegen gekommen aber der harte Kern hat immer noch Kontakt zueinander.<\/strong><\/span><\/p>\n<div class=\"shariff shariff-align-left shariff-widget-align-left\"><ul class=\"shariff-buttons theme-round orientation-horizontal buttonsize-medium\"><li class=\"shariff-button facebook shariff-nocustomcolor\" style=\"background-color:#4273c8\"><a href=\"https:\/\/www.facebook.com\/sharer\/sharer.php?u=https%3A%2F%2Fwww.mahna.de%2F%3Fpage_id%3D480\" title=\"Bei Facebook teilen\" aria-label=\"Bei Facebook teilen\" role=\"button\" rel=\"nofollow\" class=\"shariff-link\" style=\"; background-color:#3b5998; color:#fff\" target=\"_blank\"><span class=\"shariff-icon\" style=\"\"><svg width=\"32px\" height=\"20px\" xmlns=\"http:\/\/www.w3.org\/2000\/svg\" viewBox=\"0 0 18 32\"><path fill=\"#3b5998\" d=\"M17.1 0.2v4.7h-2.8q-1.5 0-2.1 0.6t-0.5 1.9v3.4h5.2l-0.7 5.3h-4.5v13.6h-5.5v-13.6h-4.5v-5.3h4.5v-3.9q0-3.3 1.9-5.2t5-1.8q2.6 0 4.1 0.2z\"\/><\/svg><\/span><\/a><\/li><li class=\"shariff-button whatsapp shariff-nocustomcolor\" style=\"background-color:#5cbe4a\"><a href=\"https:\/\/api.whatsapp.com\/send?text=https%3A%2F%2Fwww.mahna.de%2F%3Fpage_id%3D480%20Die%20Geschichte\" title=\"Bei Whatsapp teilen\" aria-label=\"Bei Whatsapp teilen\" role=\"button\" rel=\"noopener nofollow\" class=\"shariff-link\" style=\"; background-color:#34af23; color:#fff\" target=\"_blank\"><span class=\"shariff-icon\" style=\"\"><svg width=\"32px\" height=\"20px\" xmlns=\"http:\/\/www.w3.org\/2000\/svg\" viewBox=\"0 0 32 32\"><path fill=\"#34af23\" d=\"M17.6 17.4q0.2 0 1.7 0.8t1.6 0.9q0 0.1 0 0.3 0 0.6-0.3 1.4-0.3 0.7-1.3 1.2t-1.8 0.5q-1 0-3.4-1.1-1.7-0.8-3-2.1t-2.6-3.3q-1.3-1.9-1.3-3.5v-0.1q0.1-1.6 1.3-2.8 0.4-0.4 0.9-0.4 0.1 0 0.3 0t0.3 0q0.3 0 0.5 0.1t0.3 0.5q0.1 0.4 0.6 1.6t0.4 1.3q0 0.4-0.6 1t-0.6 0.8q0 0.1 0.1 0.3 0.6 1.3 1.8 2.4 1 0.9 2.7 1.8 0.2 0.1 0.4 0.1 0.3 0 1-0.9t0.9-0.9zM14 26.9q2.3 0 4.3-0.9t3.6-2.4 2.4-3.6 0.9-4.3-0.9-4.3-2.4-3.6-3.6-2.4-4.3-0.9-4.3 0.9-3.6 2.4-2.4 3.6-0.9 4.3q0 3.6 2.1 6.6l-1.4 4.2 4.3-1.4q2.8 1.9 6.2 1.9zM14 2.2q2.7 0 5.2 1.1t4.3 2.9 2.9 4.3 1.1 5.2-1.1 5.2-2.9 4.3-4.3 2.9-5.2 1.1q-3.5 0-6.5-1.7l-7.4 2.4 2.4-7.2q-1.9-3.2-1.9-6.9 0-2.7 1.1-5.2t2.9-4.3 4.3-2.9 5.2-1.1z\"\/><\/svg><\/span><\/a><\/li><\/ul><\/div>","protected":false},"excerpt":{"rendered":"<p>Das Jahr 2003 sollte der Beginn einer bis jetzt ruhigen, turbulenten, leidvoll und spa\u00dfreichen Zeit unserer Gemeinschaft werden. \u2013 Das Onlinezocken wurde entdeckt. Damals in der Ausbildung zum IT-Fachinformatiker fanden sich Mahna und Animal auf einer \u201eSchulbank\u201c wieder. Man kannte sich aus einer Weiterbildungsma\u00dfnahme in denen man schon jede Menge Unsinn baute. Aber auch interessantes [&hellip;]<\/p>\n","protected":false},"author":1,"featured_media":0,"parent":0,"menu_order":0,"comment_status":"closed","ping_status":"open","template":"","meta":{"footnotes":""},"class_list":["post-480","page","type-page","status-publish","hentry"],"_links":{"self":[{"href":"https:\/\/www.mahna.de\/index.php?rest_route=\/wp\/v2\/pages\/480","targetHints":{"allow":["GET"]}}],"collection":[{"href":"https:\/\/www.mahna.de\/index.php?rest_route=\/wp\/v2\/pages"}],"about":[{"href":"https:\/\/www.mahna.de\/index.php?rest_route=\/wp\/v2\/types\/page"}],"author":[{"embeddable":true,"href":"https:\/\/www.mahna.de\/index.php?rest_route=\/wp\/v2\/users\/1"}],"replies":[{"embeddable":true,"href":"https:\/\/www.mahna.de\/index.php?rest_route=%2Fwp%2Fv2%2Fcomments&post=480"}],"version-history":[{"count":6,"href":"https:\/\/www.mahna.de\/index.php?rest_route=\/wp\/v2\/pages\/480\/revisions"}],"predecessor-version":[{"id":13949,"href":"https:\/\/www.mahna.de\/index.php?rest_route=\/wp\/v2\/pages\/480\/revisions\/13949"}],"wp:attachment":[{"href":"https:\/\/www.mahna.de\/index.php?rest_route=%2Fwp%2Fv2%2Fmedia&parent=480"}],"curies":[{"name":"wp","href":"https:\/\/api.w.org\/{rel}","templated":true}]}}