{"id":789,"date":"2015-06-05T11:55:07","date_gmt":"2015-06-05T09:55:07","guid":{"rendered":"http:\/\/www.mahna.de\/?page_id=789"},"modified":"2022-07-22T09:43:39","modified_gmt":"2022-07-22T07:43:39","slug":"science-fiction","status":"publish","type":"page","link":"https:\/\/www.mahna.de\/?page_id=789","title":{"rendered":"Science-Fiction"},"content":{"rendered":"<p style=\"text-align: center;\"><span style=\"color: #000000;\">Science-Fiction, wie k\u00f6nnte die Zukunft wohl aussehen?<\/span><br \/>\n<span style=\"color: #000000;\">Wahrscheinlich nicht so wie die Produzenten sie darstellen, trotzdem, strahlt f\u00fcr viel Menschen diese Art von Filme eine ungeheure Faszination aus.<\/span><br \/>\n<span style=\"color: #000000;\">Informationen zu einigen meiner pers\u00f6nlichen Lieblinge habe ich auf den folgenden Seiten zusammengestellt.<\/span><\/p>\n<p style=\"text-align: center;\"><span style=\"color: #000000;\">Einfach auf die Bilder klicken und schon geht es weiter&#8230;<\/span><\/p>\n<p style=\"text-align: center;\"><a href=\"https:\/\/www.mahna.de\/?page_id=795\"><img loading=\"lazy\" decoding=\"async\" class=\"aligncenter\" src=\"https:\/\/www.mahna.de\/wp-content\/Bilder\/StarWars\/stw.png\" alt=\"\" width=\"400\" height=\"184\" \/><\/a><\/p>\n<p style=\"text-align: center;\"><a href=\"https:\/\/www.mahna.de\/?page_id=801\"><img loading=\"lazy\" decoding=\"async\" class=\"aligncenter\" src=\"https:\/\/www.mahna.de\/wp-content\/Bilder\/bsg\/bsg.png\" alt=\"\" width=\"400\" height=\"95\" \/><\/a><\/p>\n<p style=\"text-align: center;\"><a href=\"https:\/\/www.mahna.de\/?page_id=806\"><img loading=\"lazy\" decoding=\"async\" class=\"aligncenter\" src=\"https:\/\/www.mahna.de\/wp-content\/Bilder\/ksg\/ksg.png\" alt=\"\" width=\"387\" height=\"82\" \/><\/a><\/p>\n","protected":false},"excerpt":{"rendered":"<p>Science-Fiction, wie k\u00f6nnte die Zukunft wohl aussehen? Wahrscheinlich nicht so wie die Produzenten sie darstellen, trotzdem, strahlt f\u00fcr viel Menschen diese Art von Filme eine ungeheure Faszination aus. Informationen zu einigen meiner pers\u00f6nlichen Lieblinge habe ich auf den folgenden Seiten zusammengestellt. Einfach auf die Bilder klicken und schon geht es weiter&#8230;<\/p>\n","protected":false},"author":1,"featured_media":0,"parent":0,"menu_order":0,"comment_status":"closed","ping_status":"open","template":"","meta":{"footnotes":""},"class_list":["post-789","page","type-page","status-publish","hentry"],"_links":{"self":[{"href":"https:\/\/www.mahna.de\/index.php?rest_route=\/wp\/v2\/pages\/789","targetHints":{"allow":["GET"]}}],"collection":[{"href":"https:\/\/www.mahna.de\/index.php?rest_route=\/wp\/v2\/pages"}],"about":[{"href":"https:\/\/www.mahna.de\/index.php?rest_route=\/wp\/v2\/types\/page"}],"author":[{"embeddable":true,"href":"https:\/\/www.mahna.de\/index.php?rest_route=\/wp\/v2\/users\/1"}],"replies":[{"embeddable":true,"href":"https:\/\/www.mahna.de\/index.php?rest_route=%2Fwp%2Fv2%2Fcomments&post=789"}],"version-history":[{"count":12,"href":"https:\/\/www.mahna.de\/index.php?rest_route=\/wp\/v2\/pages\/789\/revisions"}],"predecessor-version":[{"id":13954,"href":"https:\/\/www.mahna.de\/index.php?rest_route=\/wp\/v2\/pages\/789\/revisions\/13954"}],"wp:attachment":[{"href":"https:\/\/www.mahna.de\/index.php?rest_route=%2Fwp%2Fv2%2Fmedia&parent=789"}],"curies":[{"name":"wp","href":"https:\/\/api.w.org\/{rel}","templated":true}]}}